 {"id":3,"date":"2023-04-20T21:54:12","date_gmt":"2023-04-20T21:54:12","guid":{"rendered":"https:\/\/pardoselibeton.ro\/?page_id=3"},"modified":"2023-05-04T13:35:38","modified_gmt":"2023-05-04T13:35:38","slug":"termeni-si-conditii","status":"publish","type":"page","link":"https:\/\/pardoselibeton.ro\/en\/termeni-si-conditii\/","title":{"rendered":"Terms and conditions"},"content":{"rendered":"<div data-elementor-type=\"wp-page\" data-elementor-id=\"3\" class=\"elementor elementor-3\">\n\t\t\t\t\t\t\t\t\t<section class=\"elementor-section elementor-top-section elementor-element elementor-element-6c41e163 elementor-section-boxed elementor-section-height-default elementor-section-height-default\" data-id=\"6c41e163\" data-element_type=\"section\">\n\t\t\t\t\t\t<div class=\"elementor-container elementor-column-gap-default\">\n\t\t\t\t\t<div class=\"elementor-column elementor-col-100 elementor-top-column elementor-element elementor-element-2c273bf8\" data-id=\"2c273bf8\" data-element_type=\"column\">\n\t\t\t<div class=\"elementor-widget-wrap elementor-element-populated\">\n\t\t\t\t\t\t\t\t<div class=\"elementor-element elementor-element-3f9722a5 elementor-widget elementor-widget-text-editor\" data-id=\"3f9722a5\" data-element_type=\"widget\" data-widget_type=\"text-editor.default\">\n\t\t\t\t<div class=\"elementor-widget-container\">\n\t\t\t<style>\/*! elementor - v3.12.1 - 02-04-2023 *\/\n.elementor-widget-text-editor.elementor-drop-cap-view-stacked .elementor-drop-cap{background-color:#69727d;color:#fff}.elementor-widget-text-editor.elementor-drop-cap-view-framed .elementor-drop-cap{color:#69727d;border:3px solid;background-color:transparent}.elementor-widget-text-editor:not(.elementor-drop-cap-view-default) .elementor-drop-cap{margin-top:8px}.elementor-widget-text-editor:not(.elementor-drop-cap-view-default) .elementor-drop-cap-letter{width:1em;height:1em}.elementor-widget-text-editor .elementor-drop-cap{float:left;text-align:center;line-height:1;font-size:50px}.elementor-widget-text-editor .elementor-drop-cap-letter{display:inline-block}<\/style>\t\t\t\t<header>\n<h3>Terms and conditions<\/h3>\n<\/header>\n<div>\n<p><strong>Conditii Generale pentru utilizarea site-ului <a style=\"color: red;\" href=\"https:\/\/pardoselibeton.ro\/en\/\">www.pardoselibeton.ro<\/a><br><\/strong><\/p>\n<p><strong>ACCEPTAREA CONDITIILOR<\/strong><\/p>\n<p>Prin accesarea acestui site web si\/sau a oricarei pagini a acestuia sunteti de acord cu aceste conditii de utilizare. Daca nu sunteti de acord cu acesti termeni si conditii de utilizare, nu accesati acest site.<\/p>\n<p><strong>DESCRIEREA SERVICIILOR<\/strong><\/p>\n<p>Siteul nostru va pune la dispozitie informatiile din acest site web in scop informativ general si nu garanteaza de exactitatea lor la un moment dat, desi se va incerca pe cat posibil ca la publicarea lor pe site toate informatiile sa fie exacte.<\/p>\n<p><strong>INTRODUCERE<\/strong><br>Prezentele Conditii Generale definesc conditiile de utilizare a site-ului <strong><a style=\"color: red;\" href=\"https:\/\/pardoselibeton.ro\/en\/\">www.pardoselibeton.ro<\/a><\/strong> de catre potentialii vizitatori sau clienti. Acces\u00e2nd si navig\u00e2nd pe acest site, acceptati termenii de utilizare descrisi \u00een continuare.<\/p>\n<p><b>DREPTURILE ASUPRA CONTINUTULUI SITE-ULUI<\/b><br>S.C. Dinamic Construct S.R.L (denumita \u00een continuare Dinamic Construct S.R.L), nu va transfera titlul de proprietate asupra aplicatiilor software .<\/p>\n<p>Dinamic Construct S.R.L detine drepturi complete si depline asupra titlului de proprietate si prin aceasta toate drepturile de autor si cele brevetate. Nu aveti dreptul sa redistribuiti, vindeti, decompilati, dezasamblati aplicatia software \u00eentr-o forma perceptibila de catre oameni.<\/p>\n<p>Toate informatiile, produsele sau aplicatiile continute \u00een acest site sunt proprietatea Dinamic Construct S.R.L, care \u00eesi rezerva dreptul de a modifica continutul si\/sau structura site-ului \u00een orice moment si fara nici o informare prealabila.<\/p>\n<p>\u00centregul continut al site-ului <strong><a style=\"color: red;\" href=\"https:\/\/pardoselibeton.ro\/en\/\">www.pardoselibeton.ro<\/a><\/strong> este protejat prin legea drepturilor de autor, toate drepturile fiind rezervate. Toate drepturile referitoare la pagini, continutul si prezentarea site-ului sunt detinute de Dinamic Construct S.R.L. Este interzisa copierea, modificarea, afisarea, distribuirea, transmiterea, publicarea, comercializarea, licentierea, crearea unor materiale derivate sau utilizarea continutului site-ului \u00een orice scop fara confirmarea scrisa din partea Dinamic Construct S.R.L.<\/p>\n<p>Accesul si utilizarea paginii Dinamic Construct S.R.L sunt gratuite si au scopul de a veni in ajutorul utilizatorilor pentru a gasi informatiile necesare \u00een cel mai usor si rapid mod posibil, conform cerintelor fiecaruia.<\/p>\n<p>Informatiile prezente pe <strong><a style=\"color: red;\" href=\"https:\/\/pardoselibeton.ro\/en\/\">www.pardoselibeton.ro<\/a><\/strong> sunt de interes general si sunt puse la dispozitia utilizatorilor \u00een mod gratuit. Prin termenul \u201eutilizator\u201d al acestei pagini se \u00eentelege orice persoana fizica sau juridica care va accesa pagina. Puteti copia si tipari continutul paginii <strong><a style=\"color: red;\" href=\"https:\/\/pardoselibeton.ro\/en\/\">www.pardoselibeton.ro<\/a><\/strong> pentru folosinta dumneavoastra personala, fara intentii comerciale. \u00cen orice alte situatii, continutul <strong><a style=\"color: red;\" href=\"https:\/\/pardoselibeton.ro\/en\/\">www.pardoselibeton.ro<\/a><\/strong> nu poate fi reprodus, modificat sau exploatat fara consimtam\u00e2ntul explicit al reprezentantilor <strong><a style=\"color: red;\" href=\"https:\/\/pardoselibeton.ro\/en\/\">www.pardoselibeton.ro<\/a><\/strong>.<\/p>\n<p><b>NEANGAJAREA RASPUNDERII<\/b><br>Continutul informatiilor se refera la descrierea \u00eentr-un anumit grad de detaliere a activitatilor, produselor si serviciilor Dinamic Construct S.R.L. nu va acorda nici o garantie referitoare la:<\/p>\n<p>\u2013 evitarea utilizarii anevoioase sau \u00eentreruperii \u00een utilizare a site-ului;<br>\u2013 neafectarea \u00een sens negativ a altor sisteme prin utilizarea site-ului;<br>\u2013 inexistenta pe site-ul pus la dispozitie a virusilor sau alte componente care ar putea dauna utilizatorilor.<\/p>\n<p>Astfel, Dinamic Construct S.R.L nu poate fi responsabila pentru nici un fel de daune directe sau indirecte produse prin utilizarea site-ului sau.<br>Toate informatiile prezentate pe site cu privire la produsele <strong><a style=\"color: red;\" href=\"https:\/\/pardoselibeton.ro\/en\/\">www.pardoselibeton.ro<\/a><\/strong>, preturi, informatii, campanii si promotii de marketing, aspecte tehnice, sunt prezentate cu titlu informativ. Nimic din continutul site-ului <strong><a style=\"color: red;\" href=\"https:\/\/pardoselibeton.ro\/en\/\">www.pardoselibeton.ro<\/a><\/strong> nu poate constitui o oferta ferma de a contracta si nu poate angaja raspunderea Amigio \u00een lipsa unor acorduri ulterioare.<\/p>\n<p>Continutul paginii web <strong><a style=\"color: red;\" href=\"https:\/\/pardoselibeton.ro\/en\/\">www.pardoselibeton.ro<\/a><\/strong>, a informatiilor si a altor materiale prezentate de Comunitatea <strong><a style=\"color: red;\" href=\"https:\/\/pardoselibeton.ro\/en\/\">www.pardoselibeton.ro<\/a><\/strong> nu reprezinta o consultatie juridica \u00een sensul Legii nr. 51\/1995.<\/p>\n<p>GDPR este un set de reguli bazat pe principii complexe, care este deschis la interpretare si cotine, de asemenea, numeroase domenii \u00een care statele membre sunt invitate sa intervina. \u00cen prezent exista foarte putine \u00eendrumari cu privire la implementarea GDPR si este posibil ca Autoritatile de Supraveghere sa aiba puncte de vedere diferite fata de cele exprimate \u00een acest ?ablon. \u00cen ciuda eforturilor noastre de a oferi cele mai bune servicii, nu putem anticipa cu exactitate modul \u00een care Autoritatea de Supraveghere sau instantele de judecata vor interpreta Regulamentul.<\/p>\n<p><strong><a style=\"color: red;\" href=\"https:\/\/pardoselibeton.ro\/en\/\">www.pardoselibeton.ro<\/a><\/strong> nu face nicio declaratie, promisiune sau garantie cu privire la exactitatea, exhaustivitatea sau caracterul adecvat al prezentului continut, al \u00eendrumarilor si a consultantei, nu \u00eesi asuma nicio obligatie de rezultat sau diligenta fata de nicio persoana, exclud \u00een mod expres si neaga raspunderea pentru orice cost, pierdere sau daunele suferite ca urmare a utilizarii continutului.<\/p>\n<p><b>OBIECTIVUL CONTINUTULUI SITE-ULUI<\/b><br>Obiectivul continutului site-ului este de a transmite informatii actualizate si exacte.<\/p>\n<p>Dinamic Construct S.R.L nu poate garanta ca prezentele pagini nu contin erori, si asigura ca va depune toate diligentele pentru realizarea unei informari corecte si remedierea eventualelor erori.<\/p>\n<p>Orice persoana care doreste sa-si procure unul din serviciile sau produsele prezentate \u00een site este rugata sa contacteze Dinamic Construct S.R.L prin unul din mijloacele afisate \u00een pagina de Contact a site-ului, pentru a se informa at\u00e2t asupra disponibilitatii serviciului sau produsului \u00een cauza c\u00e2t si asupra conditiilor contractuale, tarifelor si informatiilor tehnice sau de alta natura.<\/p>\n<p>I<b>NFORMATII PERSONALE<\/b><br>C\u00e2nd prin intermediul prezentului <strong><a style=\"color: red;\" href=\"https:\/\/pardoselibeton.ro\/en\/\">www.pardoselibeton.ro<\/a><\/strong> va sunt solicitate informatii, aceasta are ca scop identificarea dumneavoastra sau posibilitatea de a va contacta. Acest lucru este cu at\u00e2t mai necesar \u00een cazul folosirii aplicatiilor disponibile pe site.<\/p>\n<p>Natura informatiilor solicitate se refera \u00een special la date personale (nume, adresa, numere de telefon), adresa de e-mail, modul \u00een care sunt utilizate sau intentioneaza sa fie utilizate produsele si\/sau serviciile Dinamic Construct S.R.L, dar poate include si alte informatii aflate \u00een str\u00e2nsa legatura cu utilizarea serviciilor si\/sau produselor solicitate.<\/p>\n<p>Cu scopul de a raspunde mai bine nevoilor si \u00eentrebarilor utilizatorilor site-ului, informatiile solicitate prin intermediul acestui site vor face obiectul unei stocari si prelucrari electronice.<\/p>\n<p>L<b>EGATURA CU ALTE SITE-URI<\/b><br>Prezentul site poate contine legaturi sau trimiteri catre alte site-uri considerate de Dinamic Construct S.R.L utile \u00een legatura cu continutul site-ului sau si care nu se afla sub controlul sau \u00eendrumarea sa. \u00cen cazul utilizarii acestor legaturi sau trimiteri se vor aplica conditiile generale de utilizare corespunzatoare acelor site-uri.<\/p>\n<p>Dinamic Construct S.R.L nu poate garanta\/controla actualitatea\/exactitatea informatiilor prezente pe site-urile unor terti, la care se face trimitere de pe site-ul sau.<\/p>\n<p>I<b>NFORMATIILE OFERITE PRIN INTERMEDIUL SITE-ULUI<\/b><br>Orice persoana care viziteaza site-ul <strong><a style=\"color: red;\" href=\"https:\/\/pardoselibeton.ro\/en\/\">www.pardoselibeton.ro<\/a><\/strong> si care ofera date sau informatii cu caracter personal prin intermediul acestui site \u00eesi manifesta acordul \u00een mod expres si neechivoc pentru urmatoarele: prelucrarea acestor date si informatii personale de catre Dinamic Construct S.R.L; transmiterii de materiale promotionale specifice operatiunilor de marketing direct; solutionarea de catre Dinamic Construct S.R.L a cererilor, \u00eentrebarilor si reclamatiilor adresate (a se vedea pagina Contact din site); alte activitati \u00eentreprinse de Dinamic Construct S.R.L si permise de lege, ce nu fac obiectul unei aprobari din partea destinatarului.<\/p>\n<p>Dinamic Construct S.R.L va pastra confidentialitatea acestor informatii.<\/p>\n<p>Utilizarea \u00een continuare a acestui site constituie acordul expres si neechivoc al dumneavoastra \u00een conformitate cu prevederile legii 677\/2001 si directivelor GDPR pentru protectia persoanelor cu privire la prelucrarea datelor cu caracter personal si libera circulatie a acestor date.<\/p>\n<\/div>\t\t\t\t\t\t<\/div>\n\t\t\t\t<\/div>\n\t\t\t\t\t<\/div>\n\t\t<\/div>\n\t\t\t\t\t\t\t<\/div>\n\t\t<\/section>\n\t\t\t\t\t\t\t<\/div>","protected":false},"excerpt":{"rendered":"<p>Termeni si conditii Conditii Generale pentru utilizarea site-ului www.pardoselibeton.ro ACCEPTAREA CONDITIILOR Prin accesarea acestui site web si\/sau a oricarei pagini a acestuia sunteti de acord cu aceste conditii de utilizare. Daca nu sunteti de acord cu acesti termeni si conditii de utilizare, nu accesati acest site. DESCRIEREA SERVICIILOR Siteul nostru va pune la dispozitie informatiile &hellip;<\/p>\n<p class=\"read-more\"> <a class=\"\" href=\"https:\/\/pardoselibeton.ro\/en\/termeni-si-conditii\/\"> <span class=\"screen-reader-text\">Terms and conditions<\/span> Read More &raquo;<\/a><\/p>","protected":false},"author":1,"featured_media":0,"parent":0,"menu_order":0,"comment_status":"closed","ping_status":"closed","template":"","meta":{"om_disable_all_campaigns":false,"_mi_skip_tracking":false,"site-sidebar-layout":"default","site-content-layout":"default","ast-global-header-display":"","ast-main-header-display":"","ast-hfb-above-header-display":"","ast-hfb-below-header-display":"","ast-hfb-mobile-header-display":"","site-post-title":"","ast-breadcrumbs-content":"","ast-featured-img":"","footer-sml-layout":"","theme-transparent-header-meta":"","adv-header-id-meta":"","stick-header-meta":"","header-above-stick-meta":"","header-main-stick-meta":"","header-below-stick-meta":"","footnotes":""},"class_list":["post-3","page","type-page","status-publish","hentry"],"aioseo_notices":[],"_links":{"self":[{"href":"https:\/\/pardoselibeton.ro\/en\/wp-json\/wp\/v2\/pages\/3","targetHints":{"allow":["GET"]}}],"collection":[{"href":"https:\/\/pardoselibeton.ro\/en\/wp-json\/wp\/v2\/pages"}],"about":[{"href":"https:\/\/pardoselibeton.ro\/en\/wp-json\/wp\/v2\/types\/page"}],"author":[{"embeddable":true,"href":"https:\/\/pardoselibeton.ro\/en\/wp-json\/wp\/v2\/users\/1"}],"replies":[{"embeddable":true,"href":"https:\/\/pardoselibeton.ro\/en\/wp-json\/wp\/v2\/comments?post=3"}],"version-history":[{"count":17,"href":"https:\/\/pardoselibeton.ro\/en\/wp-json\/wp\/v2\/pages\/3\/revisions"}],"predecessor-version":[{"id":2133,"href":"https:\/\/pardoselibeton.ro\/en\/wp-json\/wp\/v2\/pages\/3\/revisions\/2133"}],"wp:attachment":[{"href":"https:\/\/pardoselibeton.ro\/en\/wp-json\/wp\/v2\/media?parent=3"}],"curies":[{"name":"wp","href":"https:\/\/api.w.org\/{rel}","templated":true}]}}